{"id":17649,"date":"2025-07-24T18:54:46","date_gmt":"2025-07-24T16:54:46","guid":{"rendered":"https:\/\/www.curebot.fr\/customers\/cerfrance-normandie-maine\/"},"modified":"2025-07-24T18:54:46","modified_gmt":"2025-07-24T16:54:46","slug":"cerfrance-normandie-maine","status":"publish","type":"page","link":"https:\/\/www.curebot.fr\/en\/customers\/cerfrance-normandie-maine\/","title":{"rendered":"Cerfrance Normandy Maine"},"content":{"rendered":"","protected":false},"excerpt":{"rendered":"","protected":false},"author":28,"featured_media":0,"parent":14855,"menu_order":0,"comment_status":"closed","ping_status":"closed","template":"","meta":{"footnotes":""},"class_list":["post-17649","page","type-page","status-publish","hentry"],"yoast_head":"<!-- This site is optimized with the Yoast SEO Premium plugin v27.4 (Yoast SEO v27.4) - https:\/\/yoast.com\/product\/yoast-seo-premium-wordpress\/ -->\n<title>Cerfrance Normandy Maine - Curebot<\/title>\n<meta name=\"description\" content=\"Discover the testimony of Benjamin Crikelaire from Cerfrance Normandie Maine on their use of Curebot!\" \/>\n<meta name=\"robots\" content=\"index, follow, max-snippet:-1, max-image-preview:large, max-video-preview:-1\" \/>\n<link rel=\"canonical\" href=\"https:\/\/www.curebot.fr\/en\/customers\/cerfrance-normandie-maine\/\" \/>\n<meta property=\"og:locale\" content=\"en_US\" \/>\n<meta property=\"og:type\" content=\"article\" \/>\n<meta property=\"og:title\" content=\"Cerfrance Normandy Maine\" \/>\n<meta property=\"og:description\" content=\"Discover the testimony of Benjamin Crikelaire from Cerfrance Normandie Maine on their use of Curebot!\" \/>\n<meta property=\"og:url\" content=\"https:\/\/www.curebot.fr\/en\/customers\/cerfrance-normandie-maine\/\" \/>\n<meta property=\"og:site_name\" content=\"Curebot\" \/>\n<meta property=\"article:publisher\" content=\"https:\/\/www.linkedin.com\/company\/espritscollaboratifs\" \/>\n<meta name=\"twitter:card\" content=\"summary_large_image\" \/>\n<meta name=\"twitter:site\" content=\"@Curebot_io\" \/>\n<script type=\"application\/ld+json\" class=\"yoast-schema-graph\">{\"@context\":\"https:\\\/\\\/schema.org\",\"@graph\":[{\"@type\":\"WebPage\",\"@id\":\"https:\\\/\\\/www.curebot.fr\\\/en\\\/customers\\\/cerfrance-normandie-maine\\\/\",\"url\":\"https:\\\/\\\/www.curebot.fr\\\/en\\\/customers\\\/cerfrance-normandie-maine\\\/\",\"name\":\"Cerfrance Normandy Maine - Curebot\",\"isPartOf\":{\"@id\":\"https:\\\/\\\/www.curebot.fr\\\/en\\\/#website\"},\"datePublished\":\"2025-07-24T16:54:46+00:00\",\"description\":\"Discover the testimony of Benjamin Crikelaire from Cerfrance Normandie Maine on their use of Curebot!\",\"breadcrumb\":{\"@id\":\"https:\\\/\\\/www.curebot.fr\\\/en\\\/customers\\\/cerfrance-normandie-maine\\\/#breadcrumb\"},\"inLanguage\":\"en-US\",\"potentialAction\":[{\"@type\":\"ReadAction\",\"target\":[\"https:\\\/\\\/www.curebot.fr\\\/en\\\/customers\\\/cerfrance-normandie-maine\\\/\"]}]},{\"@type\":\"BreadcrumbList\",\"@id\":\"https:\\\/\\\/www.curebot.fr\\\/en\\\/customers\\\/cerfrance-normandie-maine\\\/#breadcrumb\",\"itemListElement\":[{\"@type\":\"ListItem\",\"position\":1,\"name\":\"Home\",\"item\":\"https:\\\/\\\/www.curebot.fr\\\/en\\\/\"},{\"@type\":\"ListItem\",\"position\":2,\"name\":\"Customers\",\"item\":\"https:\\\/\\\/www.curebot.fr\\\/en\\\/customers\\\/\"},{\"@type\":\"ListItem\",\"position\":3,\"name\":\"Cerfrance Normandy Maine\"}]},{\"@type\":\"WebSite\",\"@id\":\"https:\\\/\\\/www.curebot.fr\\\/en\\\/#website\",\"url\":\"https:\\\/\\\/www.curebot.fr\\\/en\\\/\",\"name\":\"Curebot\",\"description\":\"La plateforme de veille nouvelle g\u00e9n\u00e9ration d\u00e9velopp\u00e9e par EspritsCollaboratifs\",\"publisher\":{\"@id\":\"https:\\\/\\\/www.curebot.fr\\\/en\\\/#organization\"},\"alternateName\":\"Curebot\",\"potentialAction\":[{\"@type\":\"SearchAction\",\"target\":{\"@type\":\"EntryPoint\",\"urlTemplate\":\"https:\\\/\\\/www.curebot.fr\\\/en\\\/?s={search_term_string}\"},\"query-input\":{\"@type\":\"PropertyValueSpecification\",\"valueRequired\":true,\"valueName\":\"search_term_string\"}}],\"inLanguage\":\"en-US\"},{\"@type\":\"Organization\",\"@id\":\"https:\\\/\\\/www.curebot.fr\\\/en\\\/#organization\",\"name\":\"Curebot\",\"alternateName\":\"Curebot\",\"url\":\"https:\\\/\\\/www.curebot.fr\\\/en\\\/\",\"logo\":{\"@type\":\"ImageObject\",\"inLanguage\":\"en-US\",\"@id\":\"https:\\\/\\\/www.curebot.fr\\\/en\\\/#\\\/schema\\\/logo\\\/image\\\/\",\"url\":\"https:\\\/\\\/www.curebot.fr\\\/EspritSite\\\/wp-content\\\/uploads\\\/2023\\\/03\\\/logo-curebot.png\",\"contentUrl\":\"https:\\\/\\\/www.curebot.fr\\\/EspritSite\\\/wp-content\\\/uploads\\\/2023\\\/03\\\/logo-curebot.png\",\"width\":1920,\"height\":1920,\"caption\":\"Curebot\"},\"image\":{\"@id\":\"https:\\\/\\\/www.curebot.fr\\\/en\\\/#\\\/schema\\\/logo\\\/image\\\/\"},\"sameAs\":[\"https:\\\/\\\/www.linkedin.com\\\/company\\\/espritscollaboratifs\",\"https:\\\/\\\/x.com\\\/Curebot_io\",\"https:\\\/\\\/fr-fr.facebook.com\\\/people\\\/Curebot\\\/100086798616215\\\/\"],\"description\":\"Curebot est la plateforme de veille qui couvre l'int\u00e9gralit\u00e9 du cycle : collecte automatis\u00e9e, sourcing multi-canal, qualification collaborative, newsletters, portails et pilotage.\",\"legalName\":\"EspritsCollaboratifs\",\"vatID\":\"FR14808490668\",\"taxID\":\"80849066800023\"}]}<\/script>\n<!-- \/ Yoast SEO Premium plugin. -->","yoast_head_json":{"title":"Cerfrance Normandy Maine - Curebot","description":"Discover the testimony of Benjamin Crikelaire from Cerfrance Normandie Maine on their use of Curebot!","robots":{"index":"index","follow":"follow","max-snippet":"max-snippet:-1","max-image-preview":"max-image-preview:large","max-video-preview":"max-video-preview:-1"},"canonical":"https:\/\/www.curebot.fr\/en\/customers\/cerfrance-normandie-maine\/","og_locale":"en_US","og_type":"article","og_title":"Cerfrance Normandy Maine","og_description":"Discover the testimony of Benjamin Crikelaire from Cerfrance Normandie Maine on their use of Curebot!","og_url":"https:\/\/www.curebot.fr\/en\/customers\/cerfrance-normandie-maine\/","og_site_name":"Curebot","article_publisher":"https:\/\/www.linkedin.com\/company\/espritscollaboratifs","twitter_card":"summary_large_image","twitter_site":"@Curebot_io","schema":{"@context":"https:\/\/schema.org","@graph":[{"@type":"WebPage","@id":"https:\/\/www.curebot.fr\/en\/customers\/cerfrance-normandie-maine\/","url":"https:\/\/www.curebot.fr\/en\/customers\/cerfrance-normandie-maine\/","name":"Cerfrance Normandy Maine - Curebot","isPartOf":{"@id":"https:\/\/www.curebot.fr\/en\/#website"},"datePublished":"2025-07-24T16:54:46+00:00","description":"Discover the testimony of Benjamin Crikelaire from Cerfrance Normandie Maine on their use of Curebot!","breadcrumb":{"@id":"https:\/\/www.curebot.fr\/en\/customers\/cerfrance-normandie-maine\/#breadcrumb"},"inLanguage":"en-US","potentialAction":[{"@type":"ReadAction","target":["https:\/\/www.curebot.fr\/en\/customers\/cerfrance-normandie-maine\/"]}]},{"@type":"BreadcrumbList","@id":"https:\/\/www.curebot.fr\/en\/customers\/cerfrance-normandie-maine\/#breadcrumb","itemListElement":[{"@type":"ListItem","position":1,"name":"Home","item":"https:\/\/www.curebot.fr\/en\/"},{"@type":"ListItem","position":2,"name":"Customers","item":"https:\/\/www.curebot.fr\/en\/customers\/"},{"@type":"ListItem","position":3,"name":"Cerfrance Normandy Maine"}]},{"@type":"WebSite","@id":"https:\/\/www.curebot.fr\/en\/#website","url":"https:\/\/www.curebot.fr\/en\/","name":"Curebot","description":"La plateforme de veille nouvelle g\u00e9n\u00e9ration d\u00e9velopp\u00e9e par EspritsCollaboratifs","publisher":{"@id":"https:\/\/www.curebot.fr\/en\/#organization"},"alternateName":"Curebot","potentialAction":[{"@type":"SearchAction","target":{"@type":"EntryPoint","urlTemplate":"https:\/\/www.curebot.fr\/en\/?s={search_term_string}"},"query-input":{"@type":"PropertyValueSpecification","valueRequired":true,"valueName":"search_term_string"}}],"inLanguage":"en-US"},{"@type":"Organization","@id":"https:\/\/www.curebot.fr\/en\/#organization","name":"Curebot","alternateName":"Curebot","url":"https:\/\/www.curebot.fr\/en\/","logo":{"@type":"ImageObject","inLanguage":"en-US","@id":"https:\/\/www.curebot.fr\/en\/#\/schema\/logo\/image\/","url":"https:\/\/www.curebot.fr\/EspritSite\/wp-content\/uploads\/2023\/03\/logo-curebot.png","contentUrl":"https:\/\/www.curebot.fr\/EspritSite\/wp-content\/uploads\/2023\/03\/logo-curebot.png","width":1920,"height":1920,"caption":"Curebot"},"image":{"@id":"https:\/\/www.curebot.fr\/en\/#\/schema\/logo\/image\/"},"sameAs":["https:\/\/www.linkedin.com\/company\/espritscollaboratifs","https:\/\/x.com\/Curebot_io","https:\/\/fr-fr.facebook.com\/people\/Curebot\/100086798616215\/"],"description":"Curebot est la plateforme de veille qui couvre l'int\u00e9gralit\u00e9 du cycle : collecte automatis\u00e9e, sourcing multi-canal, qualification collaborative, newsletters, portails et pilotage.","legalName":"EspritsCollaboratifs","vatID":"FR14808490668","taxID":"80849066800023"}]}},"_links":{"self":[{"href":"https:\/\/www.curebot.fr\/en\/wp-json\/wp\/v2\/pages\/17649","targetHints":{"allow":["GET"]}}],"collection":[{"href":"https:\/\/www.curebot.fr\/en\/wp-json\/wp\/v2\/pages"}],"about":[{"href":"https:\/\/www.curebot.fr\/en\/wp-json\/wp\/v2\/types\/page"}],"author":[{"embeddable":true,"href":"https:\/\/www.curebot.fr\/en\/wp-json\/wp\/v2\/users\/28"}],"replies":[{"embeddable":true,"href":"https:\/\/www.curebot.fr\/en\/wp-json\/wp\/v2\/comments?post=17649"}],"version-history":[{"count":0,"href":"https:\/\/www.curebot.fr\/en\/wp-json\/wp\/v2\/pages\/17649\/revisions"}],"up":[{"embeddable":true,"href":"https:\/\/www.curebot.fr\/en\/wp-json\/wp\/v2\/pages\/14855"}],"wp:attachment":[{"href":"https:\/\/www.curebot.fr\/en\/wp-json\/wp\/v2\/media?parent=17649"}],"curies":[{"name":"wp","href":"https:\/\/api.w.org\/{rel}","templated":true}]}}