{"id":17646,"date":"2026-01-12T17:09:53","date_gmt":"2026-01-12T16:09:53","guid":{"rendered":"https:\/\/www.curebot.fr\/customers\/photonics-bretagne\/"},"modified":"2026-04-27T20:39:29","modified_gmt":"2026-04-27T18:39:29","slug":"photonics-bretagne","status":"publish","type":"page","link":"https:\/\/www.curebot.fr\/en\/customers\/photonics-bretagne\/","title":{"rendered":"Photonics Bretagne"},"content":{"rendered":"\n<h2 class=\"wp-block-heading\" id=\"h-deployer-une-veille-technologique-pour-stimuler-l-innovation\">Deploying a technology watch to stimulate innovation<\/h2>\n\n<p><strong>Our intervention<\/strong><\/p>\n\n<p>Photonics Bretagne is an association that federates and represents the photonics sector in the region. Both a technological platform and a cluster of companies, it supports a network of more than 110 members (companies, research laboratories, etc.) committed to innovation through the mastery of light: optical fibers, sensors, spectroscopy, imaging, etc. The association also develops its own R&amp;D projects and organises collective actions at regional, national and European level.  <\/p>\n\n<p>In 2024, Photonics Bretagne has decided to take over an in-house business intelligence service that had previously been outsourced. The objective: to continue to produce thematic newsletters with high added value for its members, while gaining in flexibility, business coherence and responsiveness. <\/p>\n\n<p>The need is specific:<\/p>\n\n<ul class=\"wp-block-list\">\n<li>To ensure a detailed coverage of a technological field that is both narrow in sources and very wide in applications,<\/li>\n\n\n\n<li>Integrate a qualitative and personalized approach for each monitoring segment (patents, application sectors, emerging trends),<\/li>\n\n\n\n<li>Produce several monitoring letters per month, with a high level of demand, without increasing the workload.<\/li>\n<\/ul>\n\n<p>Photonics Bretagne then chose Curebot, with a strong requirement on several points: ease of use, adaptation to a technological niche, sovereign hosting, regulatory compliance, but also human support.<\/p>\n\n<p>From the first weeks, our team worked with Gwena\u00eblle Lefeuvre, Head of Network Animation, to build a tailor-made monitoring tool: configuration of specific bots, selection of sources, structuring of dashboards and methodological support so that the handling was done quickly and efficiently.<\/p>\n\n<p>To learn more about the use of Curebot by Photonics Bretagne, read the article:  <a href=\"https:\/\/www.curebot.fr\/blog\/choisir-plateforme-veille-avec-curebot\/\" target=\"_blank\" rel=\"noreferrer noopener\">How to choose a monitoring platform? The case of Photonics Bretagne with Curebot <\/a><\/p>\n\n<p><\/p>\n","protected":false},"excerpt":{"rendered":"<p>Deploying a technology watch to stimulate innovation Our intervention Photonics<span class=\"excerpt-hellip\"> [\u2026]<\/span><\/p>\n","protected":false},"author":28,"featured_media":0,"parent":14855,"menu_order":0,"comment_status":"closed","ping_status":"closed","template":"","meta":{"footnotes":""},"class_list":["post-17646","page","type-page","status-publish","hentry"],"yoast_head":"<!-- This site is optimized with the Yoast SEO Premium plugin v27.4 (Yoast SEO v27.4) - https:\/\/yoast.com\/product\/yoast-seo-premium-wordpress\/ -->\n<title>Photonics Bretagne | Curebot<\/title>\n<meta name=\"description\" content=\"Photonics Bretagne structures its technology watch with Curebot: thematic letters, photonic convergences and support for a network of 110 members.\" \/>\n<meta name=\"robots\" content=\"index, follow, max-snippet:-1, max-image-preview:large, max-video-preview:-1\" \/>\n<link rel=\"canonical\" href=\"https:\/\/www.curebot.fr\/en\/customers\/photonics-bretagne\/\" \/>\n<meta property=\"og:locale\" content=\"en_US\" \/>\n<meta property=\"og:type\" content=\"article\" \/>\n<meta property=\"og:title\" content=\"Photonics Bretagne\" \/>\n<meta property=\"og:description\" content=\"Photonics Bretagne structures its technology watch with Curebot: thematic letters, photonic convergences and support for a network of 110 members.\" \/>\n<meta property=\"og:url\" content=\"https:\/\/www.curebot.fr\/en\/customers\/photonics-bretagne\/\" \/>\n<meta property=\"og:site_name\" content=\"Curebot\" \/>\n<meta property=\"article:publisher\" content=\"https:\/\/www.linkedin.com\/company\/espritscollaboratifs\" \/>\n<meta property=\"article:modified_time\" content=\"2026-04-27T18:39:29+00:00\" \/>\n<meta property=\"og:image\" content=\"https:\/\/www.curebot.fr\/EspritSite\/wp-content\/uploads\/2025\/05\/Partenariat-NFI-1024x478.jpg\" \/>\n<meta name=\"twitter:card\" content=\"summary_large_image\" \/>\n<meta name=\"twitter:description\" content=\"Photonics Bretagne structures its technology watch with Curebot: thematic letters, photonic convergences and support for a network of 110 members.\" \/>\n<meta name=\"twitter:site\" content=\"@Curebot_io\" \/>\n<meta name=\"twitter:label1\" content=\"Est. reading time\" \/>\n\t<meta name=\"twitter:data1\" content=\"1 minute\" \/>\n<script type=\"application\/ld+json\" class=\"yoast-schema-graph\">{\"@context\":\"https:\\\/\\\/schema.org\",\"@graph\":[{\"@type\":\"WebPage\",\"@id\":\"https:\\\/\\\/www.curebot.fr\\\/en\\\/customers\\\/photonics-bretagne\\\/\",\"url\":\"https:\\\/\\\/www.curebot.fr\\\/en\\\/customers\\\/photonics-bretagne\\\/\",\"name\":\"Photonics Bretagne | Curebot\",\"isPartOf\":{\"@id\":\"https:\\\/\\\/www.curebot.fr\\\/en\\\/#website\"},\"datePublished\":\"2026-01-12T16:09:53+00:00\",\"dateModified\":\"2026-04-27T18:39:29+00:00\",\"description\":\"Photonics Bretagne structures its technology watch with Curebot: thematic letters, photonic convergences and support for a network of 110 members.\",\"breadcrumb\":{\"@id\":\"https:\\\/\\\/www.curebot.fr\\\/en\\\/customers\\\/photonics-bretagne\\\/#breadcrumb\"},\"inLanguage\":\"en-US\",\"potentialAction\":[{\"@type\":\"ReadAction\",\"target\":[\"https:\\\/\\\/www.curebot.fr\\\/en\\\/customers\\\/photonics-bretagne\\\/\"]}]},{\"@type\":\"BreadcrumbList\",\"@id\":\"https:\\\/\\\/www.curebot.fr\\\/en\\\/customers\\\/photonics-bretagne\\\/#breadcrumb\",\"itemListElement\":[{\"@type\":\"ListItem\",\"position\":1,\"name\":\"Home\",\"item\":\"https:\\\/\\\/www.curebot.fr\\\/en\\\/\"},{\"@type\":\"ListItem\",\"position\":2,\"name\":\"Customers\",\"item\":\"https:\\\/\\\/www.curebot.fr\\\/en\\\/customers\\\/\"},{\"@type\":\"ListItem\",\"position\":3,\"name\":\"Photonics Bretagne\"}]},{\"@type\":\"WebSite\",\"@id\":\"https:\\\/\\\/www.curebot.fr\\\/en\\\/#website\",\"url\":\"https:\\\/\\\/www.curebot.fr\\\/en\\\/\",\"name\":\"Curebot\",\"description\":\"La plateforme de veille nouvelle g\u00e9n\u00e9ration d\u00e9velopp\u00e9e par EspritsCollaboratifs\",\"publisher\":{\"@id\":\"https:\\\/\\\/www.curebot.fr\\\/en\\\/#organization\"},\"alternateName\":\"Curebot\",\"potentialAction\":[{\"@type\":\"SearchAction\",\"target\":{\"@type\":\"EntryPoint\",\"urlTemplate\":\"https:\\\/\\\/www.curebot.fr\\\/en\\\/?s={search_term_string}\"},\"query-input\":{\"@type\":\"PropertyValueSpecification\",\"valueRequired\":true,\"valueName\":\"search_term_string\"}}],\"inLanguage\":\"en-US\"},{\"@type\":\"Organization\",\"@id\":\"https:\\\/\\\/www.curebot.fr\\\/en\\\/#organization\",\"name\":\"Curebot\",\"alternateName\":\"Curebot\",\"url\":\"https:\\\/\\\/www.curebot.fr\\\/en\\\/\",\"logo\":{\"@type\":\"ImageObject\",\"inLanguage\":\"en-US\",\"@id\":\"https:\\\/\\\/www.curebot.fr\\\/en\\\/#\\\/schema\\\/logo\\\/image\\\/\",\"url\":\"https:\\\/\\\/www.curebot.fr\\\/EspritSite\\\/wp-content\\\/uploads\\\/2023\\\/03\\\/logo-curebot.png\",\"contentUrl\":\"https:\\\/\\\/www.curebot.fr\\\/EspritSite\\\/wp-content\\\/uploads\\\/2023\\\/03\\\/logo-curebot.png\",\"width\":1920,\"height\":1920,\"caption\":\"Curebot\"},\"image\":{\"@id\":\"https:\\\/\\\/www.curebot.fr\\\/en\\\/#\\\/schema\\\/logo\\\/image\\\/\"},\"sameAs\":[\"https:\\\/\\\/www.linkedin.com\\\/company\\\/espritscollaboratifs\",\"https:\\\/\\\/x.com\\\/Curebot_io\",\"https:\\\/\\\/fr-fr.facebook.com\\\/people\\\/Curebot\\\/100086798616215\\\/\"],\"description\":\"Curebot est la plateforme de veille qui couvre l'int\u00e9gralit\u00e9 du cycle : collecte automatis\u00e9e, sourcing multi-canal, qualification collaborative, newsletters, portails et pilotage.\",\"legalName\":\"EspritsCollaboratifs\",\"vatID\":\"FR14808490668\",\"taxID\":\"80849066800023\"}]}<\/script>\n<!-- \/ Yoast SEO Premium plugin. -->","yoast_head_json":{"title":"Photonics Bretagne | Curebot","description":"Photonics Bretagne structures its technology watch with Curebot: thematic letters, photonic convergences and support for a network of 110 members.","robots":{"index":"index","follow":"follow","max-snippet":"max-snippet:-1","max-image-preview":"max-image-preview:large","max-video-preview":"max-video-preview:-1"},"canonical":"https:\/\/www.curebot.fr\/en\/customers\/photonics-bretagne\/","og_locale":"en_US","og_type":"article","og_title":"Photonics Bretagne","og_description":"Photonics Bretagne structures its technology watch with Curebot: thematic letters, photonic convergences and support for a network of 110 members.","og_url":"https:\/\/www.curebot.fr\/en\/customers\/photonics-bretagne\/","og_site_name":"Curebot","article_publisher":"https:\/\/www.linkedin.com\/company\/espritscollaboratifs","article_modified_time":"2026-04-27T18:39:29+00:00","og_image":[{"url":"https:\/\/www.curebot.fr\/EspritSite\/wp-content\/uploads\/2025\/05\/Partenariat-NFI-1024x478.jpg","type":"","width":"","height":""}],"twitter_card":"summary_large_image","twitter_description":"Photonics Bretagne structures its technology watch with Curebot: thematic letters, photonic convergences and support for a network of 110 members.","twitter_site":"@Curebot_io","twitter_misc":{"Est. reading time":"1 minute"},"schema":{"@context":"https:\/\/schema.org","@graph":[{"@type":"WebPage","@id":"https:\/\/www.curebot.fr\/en\/customers\/photonics-bretagne\/","url":"https:\/\/www.curebot.fr\/en\/customers\/photonics-bretagne\/","name":"Photonics Bretagne | Curebot","isPartOf":{"@id":"https:\/\/www.curebot.fr\/en\/#website"},"datePublished":"2026-01-12T16:09:53+00:00","dateModified":"2026-04-27T18:39:29+00:00","description":"Photonics Bretagne structures its technology watch with Curebot: thematic letters, photonic convergences and support for a network of 110 members.","breadcrumb":{"@id":"https:\/\/www.curebot.fr\/en\/customers\/photonics-bretagne\/#breadcrumb"},"inLanguage":"en-US","potentialAction":[{"@type":"ReadAction","target":["https:\/\/www.curebot.fr\/en\/customers\/photonics-bretagne\/"]}]},{"@type":"BreadcrumbList","@id":"https:\/\/www.curebot.fr\/en\/customers\/photonics-bretagne\/#breadcrumb","itemListElement":[{"@type":"ListItem","position":1,"name":"Home","item":"https:\/\/www.curebot.fr\/en\/"},{"@type":"ListItem","position":2,"name":"Customers","item":"https:\/\/www.curebot.fr\/en\/customers\/"},{"@type":"ListItem","position":3,"name":"Photonics Bretagne"}]},{"@type":"WebSite","@id":"https:\/\/www.curebot.fr\/en\/#website","url":"https:\/\/www.curebot.fr\/en\/","name":"Curebot","description":"La plateforme de veille nouvelle g\u00e9n\u00e9ration d\u00e9velopp\u00e9e par EspritsCollaboratifs","publisher":{"@id":"https:\/\/www.curebot.fr\/en\/#organization"},"alternateName":"Curebot","potentialAction":[{"@type":"SearchAction","target":{"@type":"EntryPoint","urlTemplate":"https:\/\/www.curebot.fr\/en\/?s={search_term_string}"},"query-input":{"@type":"PropertyValueSpecification","valueRequired":true,"valueName":"search_term_string"}}],"inLanguage":"en-US"},{"@type":"Organization","@id":"https:\/\/www.curebot.fr\/en\/#organization","name":"Curebot","alternateName":"Curebot","url":"https:\/\/www.curebot.fr\/en\/","logo":{"@type":"ImageObject","inLanguage":"en-US","@id":"https:\/\/www.curebot.fr\/en\/#\/schema\/logo\/image\/","url":"https:\/\/www.curebot.fr\/EspritSite\/wp-content\/uploads\/2023\/03\/logo-curebot.png","contentUrl":"https:\/\/www.curebot.fr\/EspritSite\/wp-content\/uploads\/2023\/03\/logo-curebot.png","width":1920,"height":1920,"caption":"Curebot"},"image":{"@id":"https:\/\/www.curebot.fr\/en\/#\/schema\/logo\/image\/"},"sameAs":["https:\/\/www.linkedin.com\/company\/espritscollaboratifs","https:\/\/x.com\/Curebot_io","https:\/\/fr-fr.facebook.com\/people\/Curebot\/100086798616215\/"],"description":"Curebot est la plateforme de veille qui couvre l'int\u00e9gralit\u00e9 du cycle : collecte automatis\u00e9e, sourcing multi-canal, qualification collaborative, newsletters, portails et pilotage.","legalName":"EspritsCollaboratifs","vatID":"FR14808490668","taxID":"80849066800023"}]}},"_links":{"self":[{"href":"https:\/\/www.curebot.fr\/en\/wp-json\/wp\/v2\/pages\/17646","targetHints":{"allow":["GET"]}}],"collection":[{"href":"https:\/\/www.curebot.fr\/en\/wp-json\/wp\/v2\/pages"}],"about":[{"href":"https:\/\/www.curebot.fr\/en\/wp-json\/wp\/v2\/types\/page"}],"author":[{"embeddable":true,"href":"https:\/\/www.curebot.fr\/en\/wp-json\/wp\/v2\/users\/28"}],"replies":[{"embeddable":true,"href":"https:\/\/www.curebot.fr\/en\/wp-json\/wp\/v2\/comments?post=17646"}],"version-history":[{"count":1,"href":"https:\/\/www.curebot.fr\/en\/wp-json\/wp\/v2\/pages\/17646\/revisions"}],"predecessor-version":[{"id":17647,"href":"https:\/\/www.curebot.fr\/en\/wp-json\/wp\/v2\/pages\/17646\/revisions\/17647"}],"up":[{"embeddable":true,"href":"https:\/\/www.curebot.fr\/en\/wp-json\/wp\/v2\/pages\/14855"}],"wp:attachment":[{"href":"https:\/\/www.curebot.fr\/en\/wp-json\/wp\/v2\/media?parent=17646"}],"curies":[{"name":"wp","href":"https:\/\/api.w.org\/{rel}","templated":true}]}}