{"id":17560,"date":"2019-02-20T17:47:45","date_gmt":"2019-02-20T16:47:45","guid":{"rendered":"https:\/\/www.curebot.fr\/blog\/"},"modified":"2019-02-20T17:47:45","modified_gmt":"2019-02-20T16:47:45","slug":"blog","status":"publish","type":"page","link":"https:\/\/www.curebot.fr\/en\/blog\/","title":{"rendered":"Blog"},"content":{"rendered":"","protected":false},"excerpt":{"rendered":"","protected":false},"author":27,"featured_media":0,"parent":0,"menu_order":0,"comment_status":"closed","ping_status":"closed","template":"","meta":{"content-type":"","footnotes":""},"class_list":["post-17560","page","type-page","status-publish","hentry"],"yoast_head":"<!-- This site is optimized with the Yoast SEO Premium plugin v27.4 (Yoast SEO v27.4) - https:\/\/yoast.com\/product\/yoast-seo-premium-wordpress\/ -->\n<title>Blog Curebot - Market intelligence, business intelligence &amp; product updates<\/title>\n<meta name=\"description\" content=\"Collaborative market intelligence insights, expert advice, and best practices in economic intelligence and information management. Also discover the latest product updates.\" \/>\n<meta name=\"robots\" content=\"index, follow, max-snippet:-1, max-image-preview:large, max-video-preview:-1\" \/>\n<link rel=\"canonical\" href=\"https:\/\/www.curebot.fr\/en\/blog\/\" \/>\n<meta property=\"og:locale\" content=\"en_US\" \/>\n<meta property=\"og:type\" content=\"article\" \/>\n<meta property=\"og:title\" content=\"Blog Curebot - Market intelligence, business intelligence, and product updates\" \/>\n<meta property=\"og:description\" content=\"Articles, case studies, and best practices on collaborative market intelligence, competitive intelligence, and information management.\" \/>\n<meta property=\"og:url\" content=\"https:\/\/www.curebot.fr\/en\/blog\/\" \/>\n<meta property=\"og:site_name\" content=\"Curebot\" \/>\n<meta property=\"article:publisher\" content=\"https:\/\/www.linkedin.com\/company\/espritscollaboratifs\" \/>\n<meta property=\"og:image\" content=\"https:\/\/www.curebot.fr\/EspritSite\/wp-content\/uploads\/2023\/03\/logo-curebot-300x300.png\" \/>\n<meta name=\"twitter:card\" content=\"summary_large_image\" \/>\n<meta name=\"twitter:title\" content=\"Blog Curebot \u2014 Market intelligence, competitive intelligence &amp; collaboration\" \/>\n<meta name=\"twitter:description\" content=\"Articles, case studies, and best practices on collaborative market intelligence, competitive intelligence, and information management.\" \/>\n<meta name=\"twitter:site\" content=\"@Curebot_io\" \/>\n<script type=\"application\/ld+json\" class=\"yoast-schema-graph\">{\"@context\":\"https:\\\/\\\/schema.org\",\"@graph\":[{\"@type\":\"WebPage\",\"@id\":\"https:\\\/\\\/www.curebot.fr\\\/en\\\/blog\\\/\",\"url\":\"https:\\\/\\\/www.curebot.fr\\\/en\\\/blog\\\/\",\"name\":\"Blog Curebot - Market intelligence, business intelligence & product updates\",\"isPartOf\":{\"@id\":\"https:\\\/\\\/www.curebot.fr\\\/en\\\/#website\"},\"datePublished\":\"2019-02-20T16:47:45+00:00\",\"description\":\"Collaborative market intelligence insights, expert advice, and best practices in economic intelligence and information management. Also discover the latest product updates.\",\"breadcrumb\":{\"@id\":\"https:\\\/\\\/www.curebot.fr\\\/en\\\/blog\\\/#breadcrumb\"},\"inLanguage\":\"en-US\",\"potentialAction\":[{\"@type\":\"ReadAction\",\"target\":[\"https:\\\/\\\/www.curebot.fr\\\/en\\\/blog\\\/\"]}]},{\"@type\":\"BreadcrumbList\",\"@id\":\"https:\\\/\\\/www.curebot.fr\\\/en\\\/blog\\\/#breadcrumb\",\"itemListElement\":[{\"@type\":\"ListItem\",\"position\":1,\"name\":\"Home\",\"item\":\"https:\\\/\\\/www.curebot.fr\\\/en\\\/\"},{\"@type\":\"ListItem\",\"position\":2,\"name\":\"Blog\"}]},{\"@type\":\"WebSite\",\"@id\":\"https:\\\/\\\/www.curebot.fr\\\/en\\\/#website\",\"url\":\"https:\\\/\\\/www.curebot.fr\\\/en\\\/\",\"name\":\"Curebot\",\"description\":\"La plateforme de veille nouvelle g\u00e9n\u00e9ration d\u00e9velopp\u00e9e par EspritsCollaboratifs\",\"publisher\":{\"@id\":\"https:\\\/\\\/www.curebot.fr\\\/en\\\/#organization\"},\"alternateName\":\"Curebot\",\"potentialAction\":[{\"@type\":\"SearchAction\",\"target\":{\"@type\":\"EntryPoint\",\"urlTemplate\":\"https:\\\/\\\/www.curebot.fr\\\/en\\\/?s={search_term_string}\"},\"query-input\":{\"@type\":\"PropertyValueSpecification\",\"valueRequired\":true,\"valueName\":\"search_term_string\"}}],\"inLanguage\":\"en-US\"},{\"@type\":\"Organization\",\"@id\":\"https:\\\/\\\/www.curebot.fr\\\/en\\\/#organization\",\"name\":\"Curebot\",\"alternateName\":\"Curebot\",\"url\":\"https:\\\/\\\/www.curebot.fr\\\/en\\\/\",\"logo\":{\"@type\":\"ImageObject\",\"inLanguage\":\"en-US\",\"@id\":\"https:\\\/\\\/www.curebot.fr\\\/en\\\/#\\\/schema\\\/logo\\\/image\\\/\",\"url\":\"https:\\\/\\\/www.curebot.fr\\\/EspritSite\\\/wp-content\\\/uploads\\\/2023\\\/03\\\/logo-curebot.png\",\"contentUrl\":\"https:\\\/\\\/www.curebot.fr\\\/EspritSite\\\/wp-content\\\/uploads\\\/2023\\\/03\\\/logo-curebot.png\",\"width\":1920,\"height\":1920,\"caption\":\"Curebot\"},\"image\":{\"@id\":\"https:\\\/\\\/www.curebot.fr\\\/en\\\/#\\\/schema\\\/logo\\\/image\\\/\"},\"sameAs\":[\"https:\\\/\\\/www.linkedin.com\\\/company\\\/espritscollaboratifs\",\"https:\\\/\\\/x.com\\\/Curebot_io\",\"https:\\\/\\\/fr-fr.facebook.com\\\/people\\\/Curebot\\\/100086798616215\\\/\"],\"description\":\"Curebot est la plateforme de veille qui couvre l'int\u00e9gralit\u00e9 du cycle : collecte automatis\u00e9e, sourcing multi-canal, qualification collaborative, newsletters, portails et pilotage.\",\"legalName\":\"EspritsCollaboratifs\",\"vatID\":\"FR14808490668\",\"taxID\":\"80849066800023\"}]}<\/script>\n<!-- \/ Yoast SEO Premium plugin. -->","yoast_head_json":{"title":"Blog Curebot - Market intelligence, business intelligence & product updates","description":"Collaborative market intelligence insights, expert advice, and best practices in economic intelligence and information management. Also discover the latest product updates.","robots":{"index":"index","follow":"follow","max-snippet":"max-snippet:-1","max-image-preview":"max-image-preview:large","max-video-preview":"max-video-preview:-1"},"canonical":"https:\/\/www.curebot.fr\/en\/blog\/","og_locale":"en_US","og_type":"article","og_title":"Blog Curebot - Market intelligence, business intelligence, and product updates","og_description":"Articles, case studies, and best practices on collaborative market intelligence, competitive intelligence, and information management.","og_url":"https:\/\/www.curebot.fr\/en\/blog\/","og_site_name":"Curebot","article_publisher":"https:\/\/www.linkedin.com\/company\/espritscollaboratifs","og_image":[{"url":"https:\/\/www.curebot.fr\/EspritSite\/wp-content\/uploads\/2023\/03\/logo-curebot-300x300.png","type":"","width":"","height":""}],"twitter_card":"summary_large_image","twitter_title":"Blog Curebot \u2014 Market intelligence, competitive intelligence & collaboration","twitter_description":"Articles, case studies, and best practices on collaborative market intelligence, competitive intelligence, and information management.","twitter_site":"@Curebot_io","schema":{"@context":"https:\/\/schema.org","@graph":[{"@type":"WebPage","@id":"https:\/\/www.curebot.fr\/en\/blog\/","url":"https:\/\/www.curebot.fr\/en\/blog\/","name":"Blog Curebot - Market intelligence, business intelligence & product updates","isPartOf":{"@id":"https:\/\/www.curebot.fr\/en\/#website"},"datePublished":"2019-02-20T16:47:45+00:00","description":"Collaborative market intelligence insights, expert advice, and best practices in economic intelligence and information management. Also discover the latest product updates.","breadcrumb":{"@id":"https:\/\/www.curebot.fr\/en\/blog\/#breadcrumb"},"inLanguage":"en-US","potentialAction":[{"@type":"ReadAction","target":["https:\/\/www.curebot.fr\/en\/blog\/"]}]},{"@type":"BreadcrumbList","@id":"https:\/\/www.curebot.fr\/en\/blog\/#breadcrumb","itemListElement":[{"@type":"ListItem","position":1,"name":"Home","item":"https:\/\/www.curebot.fr\/en\/"},{"@type":"ListItem","position":2,"name":"Blog"}]},{"@type":"WebSite","@id":"https:\/\/www.curebot.fr\/en\/#website","url":"https:\/\/www.curebot.fr\/en\/","name":"Curebot","description":"La plateforme de veille nouvelle g\u00e9n\u00e9ration d\u00e9velopp\u00e9e par EspritsCollaboratifs","publisher":{"@id":"https:\/\/www.curebot.fr\/en\/#organization"},"alternateName":"Curebot","potentialAction":[{"@type":"SearchAction","target":{"@type":"EntryPoint","urlTemplate":"https:\/\/www.curebot.fr\/en\/?s={search_term_string}"},"query-input":{"@type":"PropertyValueSpecification","valueRequired":true,"valueName":"search_term_string"}}],"inLanguage":"en-US"},{"@type":"Organization","@id":"https:\/\/www.curebot.fr\/en\/#organization","name":"Curebot","alternateName":"Curebot","url":"https:\/\/www.curebot.fr\/en\/","logo":{"@type":"ImageObject","inLanguage":"en-US","@id":"https:\/\/www.curebot.fr\/en\/#\/schema\/logo\/image\/","url":"https:\/\/www.curebot.fr\/EspritSite\/wp-content\/uploads\/2023\/03\/logo-curebot.png","contentUrl":"https:\/\/www.curebot.fr\/EspritSite\/wp-content\/uploads\/2023\/03\/logo-curebot.png","width":1920,"height":1920,"caption":"Curebot"},"image":{"@id":"https:\/\/www.curebot.fr\/en\/#\/schema\/logo\/image\/"},"sameAs":["https:\/\/www.linkedin.com\/company\/espritscollaboratifs","https:\/\/x.com\/Curebot_io","https:\/\/fr-fr.facebook.com\/people\/Curebot\/100086798616215\/"],"description":"Curebot est la plateforme de veille qui couvre l'int\u00e9gralit\u00e9 du cycle : collecte automatis\u00e9e, sourcing multi-canal, qualification collaborative, newsletters, portails et pilotage.","legalName":"EspritsCollaboratifs","vatID":"FR14808490668","taxID":"80849066800023"}]}},"_links":{"self":[{"href":"https:\/\/www.curebot.fr\/en\/wp-json\/wp\/v2\/pages\/17560","targetHints":{"allow":["GET"]}}],"collection":[{"href":"https:\/\/www.curebot.fr\/en\/wp-json\/wp\/v2\/pages"}],"about":[{"href":"https:\/\/www.curebot.fr\/en\/wp-json\/wp\/v2\/types\/page"}],"author":[{"embeddable":true,"href":"https:\/\/www.curebot.fr\/en\/wp-json\/wp\/v2\/users\/27"}],"replies":[{"embeddable":true,"href":"https:\/\/www.curebot.fr\/en\/wp-json\/wp\/v2\/comments?post=17560"}],"version-history":[{"count":0,"href":"https:\/\/www.curebot.fr\/en\/wp-json\/wp\/v2\/pages\/17560\/revisions"}],"wp:attachment":[{"href":"https:\/\/www.curebot.fr\/en\/wp-json\/wp\/v2\/media?parent=17560"}],"curies":[{"name":"wp","href":"https:\/\/api.w.org\/{rel}","templated":true}]}}