{"id":15434,"date":"2024-03-13T01:41:45","date_gmt":"2024-03-13T00:41:45","guid":{"rendered":"https:\/\/www.curebot.fr\/?page_id=15434"},"modified":"2026-04-19T00:07:17","modified_gmt":"2026-04-18T22:07:17","slug":"ai","status":"publish","type":"page","link":"https:\/\/www.curebot.fr\/en\/ai\/","title":{"rendered":"Curebot Assistant"},"content":{"rendered":"","protected":false},"excerpt":{"rendered":"","protected":false},"author":27,"featured_media":15437,"parent":0,"menu_order":0,"comment_status":"closed","ping_status":"closed","template":"","meta":{"footnotes":""},"class_list":["post-15434","page","type-page","status-publish","has-post-thumbnail","hentry"],"yoast_head":"<!-- This site is optimized with the Yoast SEO Premium plugin v27.4 (Yoast SEO v27.5) - https:\/\/yoast.com\/product\/yoast-seo-premium-wordpress\/ -->\n<title>Curebot Assistant \u2014 Sovereign generative AI for monitoring<\/title>\n<meta name=\"description\" content=\"Leverage AI (Mistral, hosted in France) to summarize, analyze, and explore your intelligence resources. Sovereignty guaranteed.\" \/>\n<meta name=\"robots\" content=\"index, follow, max-snippet:-1, max-image-preview:large, max-video-preview:-1\" \/>\n<link rel=\"canonical\" href=\"https:\/\/www.curebot.fr\/en\/ai\/\" \/>\n<meta property=\"og:locale\" content=\"en_US\" \/>\n<meta property=\"og:type\" content=\"article\" \/>\n<meta property=\"og:title\" content=\"Curebot Assistant\" \/>\n<meta property=\"og:description\" content=\"Leverage AI (Mistral, hosted in France) to summarize, analyze, and explore your intelligence resources. Sovereignty guaranteed.\" \/>\n<meta property=\"og:url\" content=\"https:\/\/www.curebot.fr\/en\/ai\/\" \/>\n<meta property=\"og:site_name\" content=\"Curebot\" \/>\n<meta property=\"article:publisher\" content=\"https:\/\/www.linkedin.com\/company\/espritscollaboratifs\" \/>\n<meta property=\"article:modified_time\" content=\"2026-04-18T22:07:17+00:00\" \/>\n<meta property=\"og:image\" content=\"https:\/\/www.curebot.fr\/EspritSite\/wp-content\/uploads\/2024\/03\/curebot-assistant-ia-generative-dans-votre-plateforme-de-veile.png\" \/>\n\t<meta property=\"og:image:width\" content=\"1920\" \/>\n\t<meta property=\"og:image:height\" content=\"1080\" \/>\n\t<meta property=\"og:image:type\" content=\"image\/png\" \/>\n<meta name=\"twitter:card\" content=\"summary_large_image\" \/>\n<meta name=\"twitter:site\" content=\"@Curebot_io\" \/>\n<script type=\"application\/ld+json\" class=\"yoast-schema-graph\">{\"@context\":\"https:\\\/\\\/schema.org\",\"@graph\":[{\"@type\":\"WebPage\",\"@id\":\"https:\\\/\\\/www.curebot.fr\\\/en\\\/ai\\\/\",\"url\":\"https:\\\/\\\/www.curebot.fr\\\/en\\\/ai\\\/\",\"name\":\"Curebot Assistant \u2014 Sovereign generative AI for monitoring\",\"isPartOf\":{\"@id\":\"https:\\\/\\\/www.curebot.fr\\\/en\\\/#website\"},\"primaryImageOfPage\":{\"@id\":\"https:\\\/\\\/www.curebot.fr\\\/en\\\/ai\\\/#primaryimage\"},\"image\":{\"@id\":\"https:\\\/\\\/www.curebot.fr\\\/en\\\/ai\\\/#primaryimage\"},\"thumbnailUrl\":\"https:\\\/\\\/www.curebot.fr\\\/EspritSite\\\/wp-content\\\/uploads\\\/2024\\\/03\\\/curebot-assistant-ia-generative-dans-votre-plateforme-de-veile.png\",\"datePublished\":\"2024-03-13T00:41:45+00:00\",\"dateModified\":\"2026-04-18T22:07:17+00:00\",\"description\":\"Leverage AI (Mistral, hosted in France) to summarize, analyze, and explore your intelligence resources. Sovereignty guaranteed.\",\"breadcrumb\":{\"@id\":\"https:\\\/\\\/www.curebot.fr\\\/en\\\/ai\\\/#breadcrumb\"},\"inLanguage\":\"en-US\",\"potentialAction\":[{\"@type\":\"ReadAction\",\"target\":[\"https:\\\/\\\/www.curebot.fr\\\/en\\\/ai\\\/\"]}]},{\"@type\":\"ImageObject\",\"inLanguage\":\"en-US\",\"@id\":\"https:\\\/\\\/www.curebot.fr\\\/en\\\/ai\\\/#primaryimage\",\"url\":\"https:\\\/\\\/www.curebot.fr\\\/EspritSite\\\/wp-content\\\/uploads\\\/2024\\\/03\\\/curebot-assistant-ia-generative-dans-votre-plateforme-de-veile.png\",\"contentUrl\":\"https:\\\/\\\/www.curebot.fr\\\/EspritSite\\\/wp-content\\\/uploads\\\/2024\\\/03\\\/curebot-assistant-ia-generative-dans-votre-plateforme-de-veile.png\",\"width\":1920,\"height\":1080},{\"@type\":\"BreadcrumbList\",\"@id\":\"https:\\\/\\\/www.curebot.fr\\\/en\\\/ai\\\/#breadcrumb\",\"itemListElement\":[{\"@type\":\"ListItem\",\"position\":1,\"name\":\"Home\",\"item\":\"https:\\\/\\\/www.curebot.fr\\\/en\\\/\"},{\"@type\":\"ListItem\",\"position\":2,\"name\":\"Curebot Assistant\"}]},{\"@type\":\"WebSite\",\"@id\":\"https:\\\/\\\/www.curebot.fr\\\/en\\\/#website\",\"url\":\"https:\\\/\\\/www.curebot.fr\\\/en\\\/\",\"name\":\"Curebot\",\"description\":\"La plateforme de veille nouvelle g\u00e9n\u00e9ration d\u00e9velopp\u00e9e par EspritsCollaboratifs\",\"publisher\":{\"@id\":\"https:\\\/\\\/www.curebot.fr\\\/en\\\/#organization\"},\"alternateName\":\"Curebot\",\"potentialAction\":[{\"@type\":\"SearchAction\",\"target\":{\"@type\":\"EntryPoint\",\"urlTemplate\":\"https:\\\/\\\/www.curebot.fr\\\/en\\\/?s={search_term_string}\"},\"query-input\":{\"@type\":\"PropertyValueSpecification\",\"valueRequired\":true,\"valueName\":\"search_term_string\"}}],\"inLanguage\":\"en-US\"},{\"@type\":\"Organization\",\"@id\":\"https:\\\/\\\/www.curebot.fr\\\/en\\\/#organization\",\"name\":\"Curebot\",\"alternateName\":\"Curebot\",\"url\":\"https:\\\/\\\/www.curebot.fr\\\/en\\\/\",\"logo\":{\"@type\":\"ImageObject\",\"inLanguage\":\"en-US\",\"@id\":\"https:\\\/\\\/www.curebot.fr\\\/en\\\/#\\\/schema\\\/logo\\\/image\\\/\",\"url\":\"https:\\\/\\\/www.curebot.fr\\\/EspritSite\\\/wp-content\\\/uploads\\\/2023\\\/03\\\/logo-curebot.png\",\"contentUrl\":\"https:\\\/\\\/www.curebot.fr\\\/EspritSite\\\/wp-content\\\/uploads\\\/2023\\\/03\\\/logo-curebot.png\",\"width\":1920,\"height\":1920,\"caption\":\"Curebot\"},\"image\":{\"@id\":\"https:\\\/\\\/www.curebot.fr\\\/en\\\/#\\\/schema\\\/logo\\\/image\\\/\"},\"sameAs\":[\"https:\\\/\\\/www.linkedin.com\\\/company\\\/espritscollaboratifs\",\"https:\\\/\\\/x.com\\\/Curebot_io\",\"https:\\\/\\\/fr-fr.facebook.com\\\/people\\\/Curebot\\\/100086798616215\\\/\"],\"description\":\"Curebot est la plateforme de veille qui couvre l'int\u00e9gralit\u00e9 du cycle : collecte automatis\u00e9e, sourcing multi-canal, qualification collaborative, newsletters, portails et pilotage.\",\"legalName\":\"EspritsCollaboratifs\",\"vatID\":\"FR14808490668\",\"taxID\":\"80849066800023\"}]}<\/script>\n<!-- \/ Yoast SEO Premium plugin. -->","yoast_head_json":{"title":"Curebot Assistant \u2014 Sovereign generative AI for monitoring","description":"Leverage AI (Mistral, hosted in France) to summarize, analyze, and explore your intelligence resources. Sovereignty guaranteed.","robots":{"index":"index","follow":"follow","max-snippet":"max-snippet:-1","max-image-preview":"max-image-preview:large","max-video-preview":"max-video-preview:-1"},"canonical":"https:\/\/www.curebot.fr\/en\/ai\/","og_locale":"en_US","og_type":"article","og_title":"Curebot Assistant","og_description":"Leverage AI (Mistral, hosted in France) to summarize, analyze, and explore your intelligence resources. Sovereignty guaranteed.","og_url":"https:\/\/www.curebot.fr\/en\/ai\/","og_site_name":"Curebot","article_publisher":"https:\/\/www.linkedin.com\/company\/espritscollaboratifs","article_modified_time":"2026-04-18T22:07:17+00:00","og_image":[{"width":1920,"height":1080,"url":"https:\/\/www.curebot.fr\/EspritSite\/wp-content\/uploads\/2024\/03\/curebot-assistant-ia-generative-dans-votre-plateforme-de-veile.png","type":"image\/png"}],"twitter_card":"summary_large_image","twitter_site":"@Curebot_io","schema":{"@context":"https:\/\/schema.org","@graph":[{"@type":"WebPage","@id":"https:\/\/www.curebot.fr\/en\/ai\/","url":"https:\/\/www.curebot.fr\/en\/ai\/","name":"Curebot Assistant \u2014 Sovereign generative AI for monitoring","isPartOf":{"@id":"https:\/\/www.curebot.fr\/en\/#website"},"primaryImageOfPage":{"@id":"https:\/\/www.curebot.fr\/en\/ai\/#primaryimage"},"image":{"@id":"https:\/\/www.curebot.fr\/en\/ai\/#primaryimage"},"thumbnailUrl":"https:\/\/www.curebot.fr\/EspritSite\/wp-content\/uploads\/2024\/03\/curebot-assistant-ia-generative-dans-votre-plateforme-de-veile.png","datePublished":"2024-03-13T00:41:45+00:00","dateModified":"2026-04-18T22:07:17+00:00","description":"Leverage AI (Mistral, hosted in France) to summarize, analyze, and explore your intelligence resources. Sovereignty guaranteed.","breadcrumb":{"@id":"https:\/\/www.curebot.fr\/en\/ai\/#breadcrumb"},"inLanguage":"en-US","potentialAction":[{"@type":"ReadAction","target":["https:\/\/www.curebot.fr\/en\/ai\/"]}]},{"@type":"ImageObject","inLanguage":"en-US","@id":"https:\/\/www.curebot.fr\/en\/ai\/#primaryimage","url":"https:\/\/www.curebot.fr\/EspritSite\/wp-content\/uploads\/2024\/03\/curebot-assistant-ia-generative-dans-votre-plateforme-de-veile.png","contentUrl":"https:\/\/www.curebot.fr\/EspritSite\/wp-content\/uploads\/2024\/03\/curebot-assistant-ia-generative-dans-votre-plateforme-de-veile.png","width":1920,"height":1080},{"@type":"BreadcrumbList","@id":"https:\/\/www.curebot.fr\/en\/ai\/#breadcrumb","itemListElement":[{"@type":"ListItem","position":1,"name":"Home","item":"https:\/\/www.curebot.fr\/en\/"},{"@type":"ListItem","position":2,"name":"Curebot Assistant"}]},{"@type":"WebSite","@id":"https:\/\/www.curebot.fr\/en\/#website","url":"https:\/\/www.curebot.fr\/en\/","name":"Curebot","description":"La plateforme de veille nouvelle g\u00e9n\u00e9ration d\u00e9velopp\u00e9e par EspritsCollaboratifs","publisher":{"@id":"https:\/\/www.curebot.fr\/en\/#organization"},"alternateName":"Curebot","potentialAction":[{"@type":"SearchAction","target":{"@type":"EntryPoint","urlTemplate":"https:\/\/www.curebot.fr\/en\/?s={search_term_string}"},"query-input":{"@type":"PropertyValueSpecification","valueRequired":true,"valueName":"search_term_string"}}],"inLanguage":"en-US"},{"@type":"Organization","@id":"https:\/\/www.curebot.fr\/en\/#organization","name":"Curebot","alternateName":"Curebot","url":"https:\/\/www.curebot.fr\/en\/","logo":{"@type":"ImageObject","inLanguage":"en-US","@id":"https:\/\/www.curebot.fr\/en\/#\/schema\/logo\/image\/","url":"https:\/\/www.curebot.fr\/EspritSite\/wp-content\/uploads\/2023\/03\/logo-curebot.png","contentUrl":"https:\/\/www.curebot.fr\/EspritSite\/wp-content\/uploads\/2023\/03\/logo-curebot.png","width":1920,"height":1920,"caption":"Curebot"},"image":{"@id":"https:\/\/www.curebot.fr\/en\/#\/schema\/logo\/image\/"},"sameAs":["https:\/\/www.linkedin.com\/company\/espritscollaboratifs","https:\/\/x.com\/Curebot_io","https:\/\/fr-fr.facebook.com\/people\/Curebot\/100086798616215\/"],"description":"Curebot est la plateforme de veille qui couvre l'int\u00e9gralit\u00e9 du cycle : collecte automatis\u00e9e, sourcing multi-canal, qualification collaborative, newsletters, portails et pilotage.","legalName":"EspritsCollaboratifs","vatID":"FR14808490668","taxID":"80849066800023"}]}},"_links":{"self":[{"href":"https:\/\/www.curebot.fr\/en\/wp-json\/wp\/v2\/pages\/15434","targetHints":{"allow":["GET"]}}],"collection":[{"href":"https:\/\/www.curebot.fr\/en\/wp-json\/wp\/v2\/pages"}],"about":[{"href":"https:\/\/www.curebot.fr\/en\/wp-json\/wp\/v2\/types\/page"}],"author":[{"embeddable":true,"href":"https:\/\/www.curebot.fr\/en\/wp-json\/wp\/v2\/users\/27"}],"replies":[{"embeddable":true,"href":"https:\/\/www.curebot.fr\/en\/wp-json\/wp\/v2\/comments?post=15434"}],"version-history":[{"count":1,"href":"https:\/\/www.curebot.fr\/en\/wp-json\/wp\/v2\/pages\/15434\/revisions"}],"predecessor-version":[{"id":15435,"href":"https:\/\/www.curebot.fr\/en\/wp-json\/wp\/v2\/pages\/15434\/revisions\/15435"}],"wp:featuredmedia":[{"embeddable":true,"href":"https:\/\/www.curebot.fr\/en\/wp-json\/wp\/v2\/media\/15437"}],"wp:attachment":[{"href":"https:\/\/www.curebot.fr\/en\/wp-json\/wp\/v2\/media?parent=15434"}],"curies":[{"name":"wp","href":"https:\/\/api.w.org\/{rel}","templated":true}]}}