{"id":14861,"date":"2022-12-30T18:18:27","date_gmt":"2022-12-30T17:18:27","guid":{"rendered":"https:\/\/curebot.fr\/whats-new\/"},"modified":"2025-11-03T14:10:02","modified_gmt":"2025-11-03T13:10:02","slug":"release-notes","status":"publish","type":"page","link":"https:\/\/www.curebot.fr\/en\/release-notes\/","title":{"rendered":"What&#8217;s new"},"content":{"rendered":"","protected":false},"excerpt":{"rendered":"<p>An overview of the latest features and enhancements of our monitoring platform. Every month, check out the latest developments.<\/p>\n","protected":false},"author":28,"featured_media":16148,"parent":0,"menu_order":0,"comment_status":"closed","ping_status":"closed","template":"","meta":{"content-type":"","footnotes":""},"class_list":["post-14861","page","type-page","status-publish","has-post-thumbnail","hentry"],"yoast_head":"<!-- This site is optimized with the Yoast SEO Premium plugin v27.3 (Yoast SEO v27.3) - https:\/\/yoast.com\/product\/yoast-seo-premium-wordpress\/ -->\n<title>What&#039;s new - Curebot<\/title>\n<meta name=\"description\" content=\"An overview of the latest features and enhancements of our monitoring platform. Every month, check out the latest developments.\" \/>\n<meta name=\"robots\" content=\"index, follow, max-snippet:-1, max-image-preview:large, max-video-preview:-1\" \/>\n<link rel=\"canonical\" href=\"https:\/\/www.curebot.fr\/en\/release-notes\/\" \/>\n<meta property=\"og:locale\" content=\"en_US\" \/>\n<meta property=\"og:type\" content=\"article\" \/>\n<meta property=\"og:title\" content=\"Watch platform news\" \/>\n<meta property=\"og:description\" content=\"An overview of the latest features and enhancements of our monitoring platform. Every month, check out the latest developments.\" \/>\n<meta property=\"og:url\" content=\"https:\/\/www.curebot.fr\/en\/release-notes\/\" \/>\n<meta property=\"og:site_name\" content=\"Curebot\" \/>\n<meta property=\"article:publisher\" content=\"https:\/\/fr-fr.facebook.com\/people\/Curebot\/100086798616215\/\" \/>\n<meta property=\"article:modified_time\" content=\"2025-11-03T13:10:02+00:00\" \/>\n<meta property=\"og:image\" content=\"https:\/\/www.curebot.fr\/EspritSite\/wp-content\/uploads\/2024\/12\/relevance-before-after.jpg\" \/>\n\t<meta property=\"og:image:width\" content=\"1200\" \/>\n\t<meta property=\"og:image:height\" content=\"756\" \/>\n\t<meta property=\"og:image:type\" content=\"image\/jpeg\" \/>\n<meta name=\"twitter:card\" content=\"summary_large_image\" \/>\n<meta name=\"twitter:title\" content=\"Watch platform news\" \/>\n<meta name=\"twitter:site\" content=\"@Curebot_io\" \/>\n<script type=\"application\/ld+json\" class=\"yoast-schema-graph\">{\"@context\":\"https:\\\/\\\/schema.org\",\"@graph\":[{\"@type\":\"WebPage\",\"@id\":\"https:\\\/\\\/www.curebot.fr\\\/en\\\/release-notes\\\/\",\"url\":\"https:\\\/\\\/www.curebot.fr\\\/en\\\/release-notes\\\/\",\"name\":\"What's new - Curebot\",\"isPartOf\":{\"@id\":\"https:\\\/\\\/www.curebot.fr\\\/en\\\/#website\"},\"primaryImageOfPage\":{\"@id\":\"https:\\\/\\\/www.curebot.fr\\\/en\\\/release-notes\\\/#primaryimage\"},\"image\":{\"@id\":\"https:\\\/\\\/www.curebot.fr\\\/en\\\/release-notes\\\/#primaryimage\"},\"thumbnailUrl\":\"https:\\\/\\\/www.curebot.fr\\\/EspritSite\\\/wp-content\\\/uploads\\\/2024\\\/12\\\/relevance-before-after.jpg\",\"datePublished\":\"2022-12-30T17:18:27+00:00\",\"dateModified\":\"2025-11-03T13:10:02+00:00\",\"description\":\"An overview of the latest features and enhancements of our monitoring platform. Every month, check out the latest developments.\",\"breadcrumb\":{\"@id\":\"https:\\\/\\\/www.curebot.fr\\\/en\\\/release-notes\\\/#breadcrumb\"},\"inLanguage\":\"en-US\",\"potentialAction\":[{\"@type\":\"ReadAction\",\"target\":[\"https:\\\/\\\/www.curebot.fr\\\/en\\\/release-notes\\\/\"]}]},{\"@type\":\"ImageObject\",\"inLanguage\":\"en-US\",\"@id\":\"https:\\\/\\\/www.curebot.fr\\\/en\\\/release-notes\\\/#primaryimage\",\"url\":\"https:\\\/\\\/www.curebot.fr\\\/EspritSite\\\/wp-content\\\/uploads\\\/2024\\\/12\\\/relevance-before-after.jpg\",\"contentUrl\":\"https:\\\/\\\/www.curebot.fr\\\/EspritSite\\\/wp-content\\\/uploads\\\/2024\\\/12\\\/relevance-before-after.jpg\",\"width\":1200,\"height\":756,\"caption\":\"Les nouveaut\u00e9 Curebot\"},{\"@type\":\"BreadcrumbList\",\"@id\":\"https:\\\/\\\/www.curebot.fr\\\/en\\\/release-notes\\\/#breadcrumb\",\"itemListElement\":[{\"@type\":\"ListItem\",\"position\":1,\"name\":\"Home\",\"item\":\"https:\\\/\\\/www.curebot.fr\\\/en\\\/\"},{\"@type\":\"ListItem\",\"position\":2,\"name\":\"What&#8217;s new\"}]},{\"@type\":\"WebSite\",\"@id\":\"https:\\\/\\\/www.curebot.fr\\\/en\\\/#website\",\"url\":\"https:\\\/\\\/www.curebot.fr\\\/en\\\/\",\"name\":\"Curebot\",\"description\":\"La plateforme de veille nouvelle g\u00e9n\u00e9ration d\u00e9velopp\u00e9e par EspritsCollaboratifs\",\"publisher\":{\"@id\":\"https:\\\/\\\/www.curebot.fr\\\/en\\\/#organization\"},\"alternateName\":\"Curebot\",\"potentialAction\":[{\"@type\":\"SearchAction\",\"target\":{\"@type\":\"EntryPoint\",\"urlTemplate\":\"https:\\\/\\\/www.curebot.fr\\\/en\\\/?s={search_term_string}\"},\"query-input\":{\"@type\":\"PropertyValueSpecification\",\"valueRequired\":true,\"valueName\":\"search_term_string\"}}],\"inLanguage\":\"en-US\"},{\"@type\":\"Organization\",\"@id\":\"https:\\\/\\\/www.curebot.fr\\\/en\\\/#organization\",\"name\":\"Curebot\",\"alternateName\":\"Curebot\",\"url\":\"https:\\\/\\\/www.curebot.fr\\\/en\\\/\",\"logo\":{\"@type\":\"ImageObject\",\"inLanguage\":\"en-US\",\"@id\":\"https:\\\/\\\/www.curebot.fr\\\/en\\\/#\\\/schema\\\/logo\\\/image\\\/\",\"url\":\"https:\\\/\\\/www.curebot.fr\\\/EspritSite\\\/wp-content\\\/uploads\\\/2023\\\/03\\\/logo-curebot.png\",\"contentUrl\":\"https:\\\/\\\/www.curebot.fr\\\/EspritSite\\\/wp-content\\\/uploads\\\/2023\\\/03\\\/logo-curebot.png\",\"width\":1920,\"height\":1920,\"caption\":\"Curebot\"},\"image\":{\"@id\":\"https:\\\/\\\/www.curebot.fr\\\/en\\\/#\\\/schema\\\/logo\\\/image\\\/\"},\"sameAs\":[\"https:\\\/\\\/fr-fr.facebook.com\\\/people\\\/Curebot\\\/100086798616215\\\/\",\"https:\\\/\\\/x.com\\\/Curebot_io\",\"https:\\\/\\\/www.linkedin.com\\\/company\\\/espritscollaboratifs\"],\"legalName\":\"EspritsCollaboratifs\"}]}<\/script>\n<!-- \/ Yoast SEO Premium plugin. -->","yoast_head_json":{"title":"What's new - Curebot","description":"An overview of the latest features and enhancements of our monitoring platform. Every month, check out the latest developments.","robots":{"index":"index","follow":"follow","max-snippet":"max-snippet:-1","max-image-preview":"max-image-preview:large","max-video-preview":"max-video-preview:-1"},"canonical":"https:\/\/www.curebot.fr\/en\/release-notes\/","og_locale":"en_US","og_type":"article","og_title":"Watch platform news","og_description":"An overview of the latest features and enhancements of our monitoring platform. Every month, check out the latest developments.","og_url":"https:\/\/www.curebot.fr\/en\/release-notes\/","og_site_name":"Curebot","article_publisher":"https:\/\/fr-fr.facebook.com\/people\/Curebot\/100086798616215\/","article_modified_time":"2025-11-03T13:10:02+00:00","og_image":[{"width":1200,"height":756,"url":"https:\/\/www.curebot.fr\/EspritSite\/wp-content\/uploads\/2024\/12\/relevance-before-after.jpg","type":"image\/jpeg"}],"twitter_card":"summary_large_image","twitter_title":"Watch platform news","twitter_site":"@Curebot_io","schema":{"@context":"https:\/\/schema.org","@graph":[{"@type":"WebPage","@id":"https:\/\/www.curebot.fr\/en\/release-notes\/","url":"https:\/\/www.curebot.fr\/en\/release-notes\/","name":"What's new - Curebot","isPartOf":{"@id":"https:\/\/www.curebot.fr\/en\/#website"},"primaryImageOfPage":{"@id":"https:\/\/www.curebot.fr\/en\/release-notes\/#primaryimage"},"image":{"@id":"https:\/\/www.curebot.fr\/en\/release-notes\/#primaryimage"},"thumbnailUrl":"https:\/\/www.curebot.fr\/EspritSite\/wp-content\/uploads\/2024\/12\/relevance-before-after.jpg","datePublished":"2022-12-30T17:18:27+00:00","dateModified":"2025-11-03T13:10:02+00:00","description":"An overview of the latest features and enhancements of our monitoring platform. Every month, check out the latest developments.","breadcrumb":{"@id":"https:\/\/www.curebot.fr\/en\/release-notes\/#breadcrumb"},"inLanguage":"en-US","potentialAction":[{"@type":"ReadAction","target":["https:\/\/www.curebot.fr\/en\/release-notes\/"]}]},{"@type":"ImageObject","inLanguage":"en-US","@id":"https:\/\/www.curebot.fr\/en\/release-notes\/#primaryimage","url":"https:\/\/www.curebot.fr\/EspritSite\/wp-content\/uploads\/2024\/12\/relevance-before-after.jpg","contentUrl":"https:\/\/www.curebot.fr\/EspritSite\/wp-content\/uploads\/2024\/12\/relevance-before-after.jpg","width":1200,"height":756,"caption":"Les nouveaut\u00e9 Curebot"},{"@type":"BreadcrumbList","@id":"https:\/\/www.curebot.fr\/en\/release-notes\/#breadcrumb","itemListElement":[{"@type":"ListItem","position":1,"name":"Home","item":"https:\/\/www.curebot.fr\/en\/"},{"@type":"ListItem","position":2,"name":"What&#8217;s new"}]},{"@type":"WebSite","@id":"https:\/\/www.curebot.fr\/en\/#website","url":"https:\/\/www.curebot.fr\/en\/","name":"Curebot","description":"La plateforme de veille nouvelle g\u00e9n\u00e9ration d\u00e9velopp\u00e9e par EspritsCollaboratifs","publisher":{"@id":"https:\/\/www.curebot.fr\/en\/#organization"},"alternateName":"Curebot","potentialAction":[{"@type":"SearchAction","target":{"@type":"EntryPoint","urlTemplate":"https:\/\/www.curebot.fr\/en\/?s={search_term_string}"},"query-input":{"@type":"PropertyValueSpecification","valueRequired":true,"valueName":"search_term_string"}}],"inLanguage":"en-US"},{"@type":"Organization","@id":"https:\/\/www.curebot.fr\/en\/#organization","name":"Curebot","alternateName":"Curebot","url":"https:\/\/www.curebot.fr\/en\/","logo":{"@type":"ImageObject","inLanguage":"en-US","@id":"https:\/\/www.curebot.fr\/en\/#\/schema\/logo\/image\/","url":"https:\/\/www.curebot.fr\/EspritSite\/wp-content\/uploads\/2023\/03\/logo-curebot.png","contentUrl":"https:\/\/www.curebot.fr\/EspritSite\/wp-content\/uploads\/2023\/03\/logo-curebot.png","width":1920,"height":1920,"caption":"Curebot"},"image":{"@id":"https:\/\/www.curebot.fr\/en\/#\/schema\/logo\/image\/"},"sameAs":["https:\/\/fr-fr.facebook.com\/people\/Curebot\/100086798616215\/","https:\/\/x.com\/Curebot_io","https:\/\/www.linkedin.com\/company\/espritscollaboratifs"],"legalName":"EspritsCollaboratifs"}]}},"_links":{"self":[{"href":"https:\/\/www.curebot.fr\/en\/wp-json\/wp\/v2\/pages\/14861","targetHints":{"allow":["GET"]}}],"collection":[{"href":"https:\/\/www.curebot.fr\/en\/wp-json\/wp\/v2\/pages"}],"about":[{"href":"https:\/\/www.curebot.fr\/en\/wp-json\/wp\/v2\/types\/page"}],"author":[{"embeddable":true,"href":"https:\/\/www.curebot.fr\/en\/wp-json\/wp\/v2\/users\/28"}],"replies":[{"embeddable":true,"href":"https:\/\/www.curebot.fr\/en\/wp-json\/wp\/v2\/comments?post=14861"}],"version-history":[{"count":2,"href":"https:\/\/www.curebot.fr\/en\/wp-json\/wp\/v2\/pages\/14861\/revisions"}],"predecessor-version":[{"id":16520,"href":"https:\/\/www.curebot.fr\/en\/wp-json\/wp\/v2\/pages\/14861\/revisions\/16520"}],"wp:featuredmedia":[{"embeddable":true,"href":"https:\/\/www.curebot.fr\/en\/wp-json\/wp\/v2\/media\/16148"}],"wp:attachment":[{"href":"https:\/\/www.curebot.fr\/en\/wp-json\/wp\/v2\/media?parent=14861"}],"curies":[{"name":"wp","href":"https:\/\/api.w.org\/{rel}","templated":true}]}}