{"id":14859,"date":"2019-02-20T12:28:28","date_gmt":"2019-02-20T11:28:28","guid":{"rendered":"https:\/\/curebot.fr\/privacy-policy\/"},"modified":"2023-10-13T09:31:46","modified_gmt":"2023-10-13T07:31:46","slug":"privacy-policy","status":"publish","type":"page","link":"https:\/\/www.curebot.fr\/en\/privacy-policy\/","title":{"rendered":"Privacy policy"},"content":{"rendered":"","protected":false},"excerpt":{"rendered":"","protected":false},"author":26,"featured_media":0,"parent":0,"menu_order":0,"comment_status":"closed","ping_status":"open","template":"","meta":{"content-type":"","footnotes":""},"class_list":["post-14859","page","type-page","status-publish","hentry"],"yoast_head":"<!-- This site is optimized with the Yoast SEO Premium plugin v27.3 (Yoast SEO v27.3) - https:\/\/yoast.com\/product\/yoast-seo-premium-wordpress\/ -->\n<title>Privacy policy<\/title>\n<meta name=\"description\" content=\"Data protection is crucial for the company EspritsCollaboratives. When you browse our site EspritsCollaboratives.fr, you trust us to process your information. We strive to protect them, while allowing you to maintain control of them.\" \/>\n<meta name=\"robots\" content=\"noindex, follow\" \/>\n<meta property=\"og:locale\" content=\"en_US\" \/>\n<meta property=\"og:type\" content=\"article\" \/>\n<meta property=\"og:title\" content=\"Privacy policy\" \/>\n<meta property=\"og:description\" content=\"Data protection is crucial for the company EspritsCollaboratives. When you browse our site EspritsCollaboratives.fr, you trust us to process your information. We strive to protect them, while allowing you to maintain control of them.\" \/>\n<meta property=\"og:url\" content=\"https:\/\/www.curebot.fr\/en\/privacy-policy\/\" \/>\n<meta property=\"og:site_name\" content=\"Curebot\" \/>\n<meta property=\"article:publisher\" content=\"https:\/\/fr-fr.facebook.com\/people\/Curebot\/100086798616215\/\" \/>\n<meta property=\"article:modified_time\" content=\"2023-10-13T07:31:46+00:00\" \/>\n<meta name=\"twitter:card\" content=\"summary_large_image\" \/>\n<meta name=\"twitter:site\" content=\"@Curebot_io\" \/>\n<script type=\"application\/ld+json\" class=\"yoast-schema-graph\">{\"@context\":\"https:\\\/\\\/schema.org\",\"@graph\":[{\"@type\":\"WebPage\",\"@id\":\"https:\\\/\\\/www.curebot.fr\\\/en\\\/privacy-policy\\\/\",\"url\":\"https:\\\/\\\/www.curebot.fr\\\/en\\\/privacy-policy\\\/\",\"name\":\"Privacy policy\",\"isPartOf\":{\"@id\":\"https:\\\/\\\/www.curebot.fr\\\/en\\\/#website\"},\"datePublished\":\"2019-02-20T11:28:28+00:00\",\"dateModified\":\"2023-10-13T07:31:46+00:00\",\"description\":\"Data protection is crucial for the company EspritsCollaboratives. When you browse our site EspritsCollaboratives.fr, you trust us to process your information. We strive to protect them, while allowing you to maintain control of them.\",\"breadcrumb\":{\"@id\":\"https:\\\/\\\/www.curebot.fr\\\/en\\\/privacy-policy\\\/#breadcrumb\"},\"inLanguage\":\"en-US\",\"potentialAction\":[{\"@type\":\"ReadAction\",\"target\":[\"https:\\\/\\\/www.curebot.fr\\\/en\\\/privacy-policy\\\/\"]}]},{\"@type\":\"BreadcrumbList\",\"@id\":\"https:\\\/\\\/www.curebot.fr\\\/en\\\/privacy-policy\\\/#breadcrumb\",\"itemListElement\":[{\"@type\":\"ListItem\",\"position\":1,\"name\":\"Home\",\"item\":\"https:\\\/\\\/www.curebot.fr\\\/en\\\/\"},{\"@type\":\"ListItem\",\"position\":2,\"name\":\"Privacy policy\"}]},{\"@type\":\"WebSite\",\"@id\":\"https:\\\/\\\/www.curebot.fr\\\/en\\\/#website\",\"url\":\"https:\\\/\\\/www.curebot.fr\\\/en\\\/\",\"name\":\"Curebot\",\"description\":\"La plateforme de veille nouvelle g\u00e9n\u00e9ration d\u00e9velopp\u00e9e par EspritsCollaboratifs\",\"publisher\":{\"@id\":\"https:\\\/\\\/www.curebot.fr\\\/en\\\/#organization\"},\"alternateName\":\"Curebot\",\"potentialAction\":[{\"@type\":\"SearchAction\",\"target\":{\"@type\":\"EntryPoint\",\"urlTemplate\":\"https:\\\/\\\/www.curebot.fr\\\/en\\\/?s={search_term_string}\"},\"query-input\":{\"@type\":\"PropertyValueSpecification\",\"valueRequired\":true,\"valueName\":\"search_term_string\"}}],\"inLanguage\":\"en-US\"},{\"@type\":\"Organization\",\"@id\":\"https:\\\/\\\/www.curebot.fr\\\/en\\\/#organization\",\"name\":\"Curebot\",\"alternateName\":\"Curebot\",\"url\":\"https:\\\/\\\/www.curebot.fr\\\/en\\\/\",\"logo\":{\"@type\":\"ImageObject\",\"inLanguage\":\"en-US\",\"@id\":\"https:\\\/\\\/www.curebot.fr\\\/en\\\/#\\\/schema\\\/logo\\\/image\\\/\",\"url\":\"https:\\\/\\\/www.curebot.fr\\\/EspritSite\\\/wp-content\\\/uploads\\\/2023\\\/03\\\/logo-curebot.png\",\"contentUrl\":\"https:\\\/\\\/www.curebot.fr\\\/EspritSite\\\/wp-content\\\/uploads\\\/2023\\\/03\\\/logo-curebot.png\",\"width\":1920,\"height\":1920,\"caption\":\"Curebot\"},\"image\":{\"@id\":\"https:\\\/\\\/www.curebot.fr\\\/en\\\/#\\\/schema\\\/logo\\\/image\\\/\"},\"sameAs\":[\"https:\\\/\\\/fr-fr.facebook.com\\\/people\\\/Curebot\\\/100086798616215\\\/\",\"https:\\\/\\\/x.com\\\/Curebot_io\",\"https:\\\/\\\/www.linkedin.com\\\/company\\\/espritscollaboratifs\"],\"legalName\":\"EspritsCollaboratifs\"}]}<\/script>\n<!-- \/ Yoast SEO Premium plugin. -->","yoast_head_json":{"title":"Privacy policy","description":"Data protection is crucial for the company EspritsCollaboratives. When you browse our site EspritsCollaboratives.fr, you trust us to process your information. We strive to protect them, while allowing you to maintain control of them.","robots":{"index":"noindex","follow":"follow"},"og_locale":"en_US","og_type":"article","og_title":"Privacy policy","og_description":"Data protection is crucial for the company EspritsCollaboratives. When you browse our site EspritsCollaboratives.fr, you trust us to process your information. We strive to protect them, while allowing you to maintain control of them.","og_url":"https:\/\/www.curebot.fr\/en\/privacy-policy\/","og_site_name":"Curebot","article_publisher":"https:\/\/fr-fr.facebook.com\/people\/Curebot\/100086798616215\/","article_modified_time":"2023-10-13T07:31:46+00:00","twitter_card":"summary_large_image","twitter_site":"@Curebot_io","schema":{"@context":"https:\/\/schema.org","@graph":[{"@type":"WebPage","@id":"https:\/\/www.curebot.fr\/en\/privacy-policy\/","url":"https:\/\/www.curebot.fr\/en\/privacy-policy\/","name":"Privacy policy","isPartOf":{"@id":"https:\/\/www.curebot.fr\/en\/#website"},"datePublished":"2019-02-20T11:28:28+00:00","dateModified":"2023-10-13T07:31:46+00:00","description":"Data protection is crucial for the company EspritsCollaboratives. When you browse our site EspritsCollaboratives.fr, you trust us to process your information. We strive to protect them, while allowing you to maintain control of them.","breadcrumb":{"@id":"https:\/\/www.curebot.fr\/en\/privacy-policy\/#breadcrumb"},"inLanguage":"en-US","potentialAction":[{"@type":"ReadAction","target":["https:\/\/www.curebot.fr\/en\/privacy-policy\/"]}]},{"@type":"BreadcrumbList","@id":"https:\/\/www.curebot.fr\/en\/privacy-policy\/#breadcrumb","itemListElement":[{"@type":"ListItem","position":1,"name":"Home","item":"https:\/\/www.curebot.fr\/en\/"},{"@type":"ListItem","position":2,"name":"Privacy policy"}]},{"@type":"WebSite","@id":"https:\/\/www.curebot.fr\/en\/#website","url":"https:\/\/www.curebot.fr\/en\/","name":"Curebot","description":"La plateforme de veille nouvelle g\u00e9n\u00e9ration d\u00e9velopp\u00e9e par EspritsCollaboratifs","publisher":{"@id":"https:\/\/www.curebot.fr\/en\/#organization"},"alternateName":"Curebot","potentialAction":[{"@type":"SearchAction","target":{"@type":"EntryPoint","urlTemplate":"https:\/\/www.curebot.fr\/en\/?s={search_term_string}"},"query-input":{"@type":"PropertyValueSpecification","valueRequired":true,"valueName":"search_term_string"}}],"inLanguage":"en-US"},{"@type":"Organization","@id":"https:\/\/www.curebot.fr\/en\/#organization","name":"Curebot","alternateName":"Curebot","url":"https:\/\/www.curebot.fr\/en\/","logo":{"@type":"ImageObject","inLanguage":"en-US","@id":"https:\/\/www.curebot.fr\/en\/#\/schema\/logo\/image\/","url":"https:\/\/www.curebot.fr\/EspritSite\/wp-content\/uploads\/2023\/03\/logo-curebot.png","contentUrl":"https:\/\/www.curebot.fr\/EspritSite\/wp-content\/uploads\/2023\/03\/logo-curebot.png","width":1920,"height":1920,"caption":"Curebot"},"image":{"@id":"https:\/\/www.curebot.fr\/en\/#\/schema\/logo\/image\/"},"sameAs":["https:\/\/fr-fr.facebook.com\/people\/Curebot\/100086798616215\/","https:\/\/x.com\/Curebot_io","https:\/\/www.linkedin.com\/company\/espritscollaboratifs"],"legalName":"EspritsCollaboratifs"}]}},"_links":{"self":[{"href":"https:\/\/www.curebot.fr\/en\/wp-json\/wp\/v2\/pages\/14859","targetHints":{"allow":["GET"]}}],"collection":[{"href":"https:\/\/www.curebot.fr\/en\/wp-json\/wp\/v2\/pages"}],"about":[{"href":"https:\/\/www.curebot.fr\/en\/wp-json\/wp\/v2\/types\/page"}],"author":[{"embeddable":true,"href":"https:\/\/www.curebot.fr\/en\/wp-json\/wp\/v2\/users\/26"}],"replies":[{"embeddable":true,"href":"https:\/\/www.curebot.fr\/en\/wp-json\/wp\/v2\/comments?post=14859"}],"version-history":[{"count":1,"href":"https:\/\/www.curebot.fr\/en\/wp-json\/wp\/v2\/pages\/14859\/revisions"}],"predecessor-version":[{"id":14860,"href":"https:\/\/www.curebot.fr\/en\/wp-json\/wp\/v2\/pages\/14859\/revisions\/14860"}],"wp:attachment":[{"href":"https:\/\/www.curebot.fr\/en\/wp-json\/wp\/v2\/media?parent=14859"}],"curies":[{"name":"wp","href":"https:\/\/api.w.org\/{rel}","templated":true}]}}