{"id":14785,"date":"2019-02-20T17:44:46","date_gmt":"2019-02-20T16:44:46","guid":{"rendered":"https:\/\/curebot.fr\/product-tour\/"},"modified":"2026-04-18T20:28:53","modified_gmt":"2026-04-18T18:28:53","slug":"product","status":"publish","type":"page","link":"https:\/\/www.curebot.fr\/en\/product\/","title":{"rendered":"Product"},"content":{"rendered":"","protected":false},"excerpt":{"rendered":"<p>The Curebot collaborative market intelligence platform offers a new way to monitor your information. Monitoring and collaboration become one. The platform brings together all the features you need to manage information and collaborate on content simply, seamlessly and productively.<\/p>\n","protected":false},"author":27,"featured_media":0,"parent":0,"menu_order":0,"comment_status":"closed","ping_status":"closed","template":"","meta":{"content-type":"","footnotes":""},"class_list":["post-14785","page","type-page","status-publish","hentry"],"yoast_head":"<!-- This site is optimized with the Yoast SEO Premium plugin v27.4 (Yoast SEO v27.6) - https:\/\/yoast.com\/product\/yoast-seo-premium-wordpress\/ -->\n<title>Product tour<\/title>\n<meta name=\"description\" content=\"Everything you need to boost business performance. The information cycle at your fingertips.\" \/>\n<meta name=\"robots\" content=\"index, follow, max-snippet:-1, max-image-preview:large, max-video-preview:-1\" \/>\n<link rel=\"canonical\" href=\"https:\/\/www.curebot.fr\/en\/product\/\" \/>\n<meta property=\"og:locale\" content=\"en_US\" \/>\n<meta property=\"og:type\" content=\"article\" \/>\n<meta property=\"og:title\" content=\"Product\" \/>\n<meta property=\"og:description\" content=\"Everything you need to boost business performance. The information cycle at your fingertips.\" \/>\n<meta property=\"og:url\" content=\"https:\/\/www.curebot.fr\/en\/product\/\" \/>\n<meta property=\"og:site_name\" content=\"Curebot\" \/>\n<meta property=\"article:publisher\" content=\"https:\/\/www.linkedin.com\/company\/espritscollaboratifs\" \/>\n<meta property=\"article:modified_time\" content=\"2026-04-18T18:28:53+00:00\" \/>\n<meta property=\"og:image\" content=\"https:\/\/www.curebot.fr\/EspritSite\/wp-content\/uploads\/2023\/03\/curebot-search-winter-2023-1024x768.png\" \/>\n<meta name=\"twitter:card\" content=\"summary_large_image\" \/>\n<meta name=\"twitter:image\" content=\"https:\/\/www.curebot.fr\/EspritSite\/wp-content\/uploads\/2023\/03\/curebot-search-winter-2023-1024x768.png\" \/>\n<meta name=\"twitter:site\" content=\"@Curebot_io\" \/>\n<script type=\"application\/ld+json\" class=\"yoast-schema-graph\">{\"@context\":\"https:\\\/\\\/schema.org\",\"@graph\":[{\"@type\":\"WebPage\",\"@id\":\"https:\\\/\\\/www.curebot.fr\\\/en\\\/product\\\/\",\"url\":\"https:\\\/\\\/www.curebot.fr\\\/en\\\/product\\\/\",\"name\":\"Product tour\",\"isPartOf\":{\"@id\":\"https:\\\/\\\/www.curebot.fr\\\/en\\\/#website\"},\"datePublished\":\"2019-02-20T16:44:46+00:00\",\"dateModified\":\"2026-04-18T18:28:53+00:00\",\"description\":\"Everything you need to boost business performance. The information cycle at your fingertips.\",\"breadcrumb\":{\"@id\":\"https:\\\/\\\/www.curebot.fr\\\/en\\\/product\\\/#breadcrumb\"},\"inLanguage\":\"en-US\",\"potentialAction\":[{\"@type\":\"ReadAction\",\"target\":[\"https:\\\/\\\/www.curebot.fr\\\/en\\\/product\\\/\"]}]},{\"@type\":\"BreadcrumbList\",\"@id\":\"https:\\\/\\\/www.curebot.fr\\\/en\\\/product\\\/#breadcrumb\",\"itemListElement\":[{\"@type\":\"ListItem\",\"position\":1,\"name\":\"Home\",\"item\":\"https:\\\/\\\/www.curebot.fr\\\/en\\\/\"},{\"@type\":\"ListItem\",\"position\":2,\"name\":\"Product\"}]},{\"@type\":\"WebSite\",\"@id\":\"https:\\\/\\\/www.curebot.fr\\\/en\\\/#website\",\"url\":\"https:\\\/\\\/www.curebot.fr\\\/en\\\/\",\"name\":\"Curebot\",\"description\":\"La plateforme de veille nouvelle g\u00e9n\u00e9ration d\u00e9velopp\u00e9e par EspritsCollaboratifs\",\"publisher\":{\"@id\":\"https:\\\/\\\/www.curebot.fr\\\/en\\\/#organization\"},\"alternateName\":\"Curebot\",\"potentialAction\":[{\"@type\":\"SearchAction\",\"target\":{\"@type\":\"EntryPoint\",\"urlTemplate\":\"https:\\\/\\\/www.curebot.fr\\\/en\\\/?s={search_term_string}\"},\"query-input\":{\"@type\":\"PropertyValueSpecification\",\"valueRequired\":true,\"valueName\":\"search_term_string\"}}],\"inLanguage\":\"en-US\"},{\"@type\":\"Organization\",\"@id\":\"https:\\\/\\\/www.curebot.fr\\\/en\\\/#organization\",\"name\":\"Curebot\",\"alternateName\":\"Curebot\",\"url\":\"https:\\\/\\\/www.curebot.fr\\\/en\\\/\",\"logo\":{\"@type\":\"ImageObject\",\"inLanguage\":\"en-US\",\"@id\":\"https:\\\/\\\/www.curebot.fr\\\/en\\\/#\\\/schema\\\/logo\\\/image\\\/\",\"url\":\"https:\\\/\\\/www.curebot.fr\\\/EspritSite\\\/wp-content\\\/uploads\\\/2023\\\/03\\\/logo-curebot.png\",\"contentUrl\":\"https:\\\/\\\/www.curebot.fr\\\/EspritSite\\\/wp-content\\\/uploads\\\/2023\\\/03\\\/logo-curebot.png\",\"width\":1920,\"height\":1920,\"caption\":\"Curebot\"},\"image\":{\"@id\":\"https:\\\/\\\/www.curebot.fr\\\/en\\\/#\\\/schema\\\/logo\\\/image\\\/\"},\"sameAs\":[\"https:\\\/\\\/www.linkedin.com\\\/company\\\/espritscollaboratifs\",\"https:\\\/\\\/x.com\\\/Curebot_io\",\"https:\\\/\\\/fr-fr.facebook.com\\\/people\\\/Curebot\\\/100086798616215\\\/\"],\"description\":\"Curebot est la plateforme de veille qui couvre l'int\u00e9gralit\u00e9 du cycle : collecte automatis\u00e9e, sourcing multi-canal, qualification collaborative, newsletters, portails et pilotage.\",\"legalName\":\"EspritsCollaboratifs\",\"vatID\":\"FR14808490668\",\"taxID\":\"80849066800023\"}]}<\/script>\n<!-- \/ Yoast SEO Premium plugin. -->","yoast_head_json":{"title":"Product tour","description":"Everything you need to boost business performance. The information cycle at your fingertips.","robots":{"index":"index","follow":"follow","max-snippet":"max-snippet:-1","max-image-preview":"max-image-preview:large","max-video-preview":"max-video-preview:-1"},"canonical":"https:\/\/www.curebot.fr\/en\/product\/","og_locale":"en_US","og_type":"article","og_title":"Product","og_description":"Everything you need to boost business performance. The information cycle at your fingertips.","og_url":"https:\/\/www.curebot.fr\/en\/product\/","og_site_name":"Curebot","article_publisher":"https:\/\/www.linkedin.com\/company\/espritscollaboratifs","article_modified_time":"2026-04-18T18:28:53+00:00","og_image":[{"url":"https:\/\/www.curebot.fr\/EspritSite\/wp-content\/uploads\/2023\/03\/curebot-search-winter-2023-1024x768.png","type":"","width":"","height":""}],"twitter_card":"summary_large_image","twitter_image":"https:\/\/www.curebot.fr\/EspritSite\/wp-content\/uploads\/2023\/03\/curebot-search-winter-2023-1024x768.png","twitter_site":"@Curebot_io","schema":{"@context":"https:\/\/schema.org","@graph":[{"@type":"WebPage","@id":"https:\/\/www.curebot.fr\/en\/product\/","url":"https:\/\/www.curebot.fr\/en\/product\/","name":"Product tour","isPartOf":{"@id":"https:\/\/www.curebot.fr\/en\/#website"},"datePublished":"2019-02-20T16:44:46+00:00","dateModified":"2026-04-18T18:28:53+00:00","description":"Everything you need to boost business performance. The information cycle at your fingertips.","breadcrumb":{"@id":"https:\/\/www.curebot.fr\/en\/product\/#breadcrumb"},"inLanguage":"en-US","potentialAction":[{"@type":"ReadAction","target":["https:\/\/www.curebot.fr\/en\/product\/"]}]},{"@type":"BreadcrumbList","@id":"https:\/\/www.curebot.fr\/en\/product\/#breadcrumb","itemListElement":[{"@type":"ListItem","position":1,"name":"Home","item":"https:\/\/www.curebot.fr\/en\/"},{"@type":"ListItem","position":2,"name":"Product"}]},{"@type":"WebSite","@id":"https:\/\/www.curebot.fr\/en\/#website","url":"https:\/\/www.curebot.fr\/en\/","name":"Curebot","description":"La plateforme de veille nouvelle g\u00e9n\u00e9ration d\u00e9velopp\u00e9e par EspritsCollaboratifs","publisher":{"@id":"https:\/\/www.curebot.fr\/en\/#organization"},"alternateName":"Curebot","potentialAction":[{"@type":"SearchAction","target":{"@type":"EntryPoint","urlTemplate":"https:\/\/www.curebot.fr\/en\/?s={search_term_string}"},"query-input":{"@type":"PropertyValueSpecification","valueRequired":true,"valueName":"search_term_string"}}],"inLanguage":"en-US"},{"@type":"Organization","@id":"https:\/\/www.curebot.fr\/en\/#organization","name":"Curebot","alternateName":"Curebot","url":"https:\/\/www.curebot.fr\/en\/","logo":{"@type":"ImageObject","inLanguage":"en-US","@id":"https:\/\/www.curebot.fr\/en\/#\/schema\/logo\/image\/","url":"https:\/\/www.curebot.fr\/EspritSite\/wp-content\/uploads\/2023\/03\/logo-curebot.png","contentUrl":"https:\/\/www.curebot.fr\/EspritSite\/wp-content\/uploads\/2023\/03\/logo-curebot.png","width":1920,"height":1920,"caption":"Curebot"},"image":{"@id":"https:\/\/www.curebot.fr\/en\/#\/schema\/logo\/image\/"},"sameAs":["https:\/\/www.linkedin.com\/company\/espritscollaboratifs","https:\/\/x.com\/Curebot_io","https:\/\/fr-fr.facebook.com\/people\/Curebot\/100086798616215\/"],"description":"Curebot est la plateforme de veille qui couvre l'int\u00e9gralit\u00e9 du cycle : collecte automatis\u00e9e, sourcing multi-canal, qualification collaborative, newsletters, portails et pilotage.","legalName":"EspritsCollaboratifs","vatID":"FR14808490668","taxID":"80849066800023"}]}},"_links":{"self":[{"href":"https:\/\/www.curebot.fr\/en\/wp-json\/wp\/v2\/pages\/14785","targetHints":{"allow":["GET"]}}],"collection":[{"href":"https:\/\/www.curebot.fr\/en\/wp-json\/wp\/v2\/pages"}],"about":[{"href":"https:\/\/www.curebot.fr\/en\/wp-json\/wp\/v2\/types\/page"}],"author":[{"embeddable":true,"href":"https:\/\/www.curebot.fr\/en\/wp-json\/wp\/v2\/users\/27"}],"replies":[{"embeddable":true,"href":"https:\/\/www.curebot.fr\/en\/wp-json\/wp\/v2\/comments?post=14785"}],"version-history":[{"count":2,"href":"https:\/\/www.curebot.fr\/en\/wp-json\/wp\/v2\/pages\/14785\/revisions"}],"predecessor-version":[{"id":17157,"href":"https:\/\/www.curebot.fr\/en\/wp-json\/wp\/v2\/pages\/14785\/revisions\/17157"}],"wp:attachment":[{"href":"https:\/\/www.curebot.fr\/en\/wp-json\/wp\/v2\/media?parent=14785"}],"curies":[{"name":"wp","href":"https:\/\/api.w.org\/{rel}","templated":true}]}}